{"id":79,"date":"2025-07-17T19:29:28","date_gmt":"2025-07-17T19:29:28","guid":{"rendered":"https:\/\/rimatelecom.com.br\/rimatelecom\/?page_id=79"},"modified":"2025-07-22T22:22:17","modified_gmt":"2025-07-22T22:22:17","slug":"quem-somos","status":"publish","type":"page","link":"https:\/\/rimatelecom.com.br\/rimatelecom\/?page_id=79","title":{"rendered":"Quem Somos"},"content":{"rendered":"\t\t<div data-elementor-type=\"wp-page\" data-elementor-id=\"79\" class=\"elementor elementor-79\" data-elementor-post-type=\"page\">\n\t\t\t\t<div class=\"elementor-element elementor-element-9b9bdec e-flex e-con-boxed wpr-particle-no wpr-jarallax-no wpr-parallax-no wpr-sticky-section-no wpr-equal-height-no e-con e-parent\" data-id=\"9b9bdec\" data-element_type=\"container\" data-e-type=\"container\">\n\t\t\t\t\t<div class=\"e-con-inner\">\n\t\t\t\t<div class=\"elementor-element elementor-element-9d3d03f elementor-widget elementor-widget-html\" data-id=\"9d3d03f\" data-element_type=\"widget\" data-e-type=\"widget\" data-widget_type=\"html.default\">\n\t\t\t\t<div class=\"elementor-widget-container\">\n\t\t\t\t\t<!DOCTYPE html>\r\n<html lang=\"pt-BR\">\r\n<head>\r\n    <meta charset=\"UTF-8\">\r\n    <meta name=\"viewport\" content=\"width=device-width, initial-scale=1.0\">\r\n    <title>Quem Somos - Rima Telecom<\/title>\r\n    <style>\r\n        \/* Estilos isolados com prefixo rt- *\/\r\n        .rt-quemsomos-container {\r\n            max-width: 1200px;\r\n            margin: 0 auto;\r\n            padding: 40px 20px;\r\n            background-color: #fff;\r\n            font-family: 'Segoe UI', Arial, sans-serif;\r\n        }\r\n\r\n        .rt-quemsomos-header {\r\n            text-align: center;\r\n            margin-bottom: 40px;\r\n        }\r\n\r\n        #rt-quemsomos-title {\r\n            color: #003366;\r\n            font-size: 2.5rem;\r\n            margin-bottom: 15px;\r\n            font-weight: 700;\r\n        }\r\n\r\n        .rt-quemsomos-intro {\r\n            font-size: 1.1rem;\r\n            line-height: 1.8;\r\n            margin-bottom: 40px;\r\n            text-align: center;\r\n        }\r\n\r\n        .rt-quemsomos-content {\r\n            display: flex;\r\n            flex-wrap: wrap;\r\n            gap: 40px;\r\n            margin-bottom: 40px;\r\n        }\r\n\r\n        #rt-quemsomos-image {\r\n            flex: 1;\r\n            min-width: 300px;\r\n            border-radius: 8px;\r\n            overflow: hidden;\r\n            box-shadow: 0 4px 12px rgba(0,0,0,0.1);\r\n        }\r\n\r\n        #rt-quemsomos-image img {\r\n            width: 100%;\r\n            height: auto;\r\n            display: block;\r\n        }\r\n\r\n        .rt-quemsomos-details {\r\n            flex: 1;\r\n            min-width: 300px;\r\n        }\r\n\r\n        .rt-quemsomos-features {\r\n            margin-bottom: 30px;\r\n        }\r\n\r\n        .rt-quemsomos-features h3 {\r\n            color: #003366;\r\n            margin-bottom: 20px;\r\n            font-size: 1.5rem;\r\n        }\r\n\r\n        .rt-quemsomos-features ul {\r\n            list-style-type: none;\r\n        }\r\n\r\n        .rt-quemsomos-features li {\r\n            margin-bottom: 12px;\r\n            padding-left: 30px;\r\n            position: relative;\r\n            font-size: 1.05rem;\r\n        }\r\n\r\n        .rt-quemsomos-features li:before {\r\n            content: \"\u2022\";\r\n            color: #0066cc;\r\n            font-size: 1.8rem;\r\n            position: absolute;\r\n            left: 0;\r\n            top: -5px;\r\n        }\r\n\r\n        .rt-quemsomos-banner {\r\n            background-color: #f5f9ff;\r\n            padding: 30px;\r\n            border-radius: 8px;\r\n            margin-bottom: 40px;\r\n            text-align: center;\r\n        }\r\n\r\n        .rt-quemsomos-banner h3 {\r\n            color: #003366;\r\n            font-size: 1.8rem;\r\n            margin-bottom: 20px;\r\n        }\r\n\r\n        .rt-quemsomos-highlights {\r\n            display: flex;\r\n            flex-wrap: wrap;\r\n            justify-content: center;\r\n            gap: 30px;\r\n            margin-bottom: 20px;\r\n        }\r\n\r\n        .rt-quemsomos-highlight {\r\n            background-color: #fff;\r\n            padding: 20px;\r\n            border-radius: 8px;\r\n            box-shadow: 0 2px 8px rgba(0,0,0,0.1);\r\n            width: 200px;\r\n            text-align: center;\r\n        }\r\n\r\n        .rt-quemsomos-highlight-icon {\r\n            font-size: 2rem;\r\n            margin-bottom: 10px;\r\n            color: #0066cc;\r\n        }\r\n\r\n        .rt-quemsomos-highlight-text {\r\n            font-size: 0.9rem;\r\n        }\r\n\r\n        .rt-quemsomos-services {\r\n            margin-top: 40px;\r\n        }\r\n\r\n        .rt-quemsomos-services h3 {\r\n            color: #003366;\r\n            margin-bottom: 20px;\r\n            font-size: 1.5rem;\r\n        }\r\n\r\n        .rt-quemsomos-footer {\r\n            text-align: center;\r\n            margin-top: 40px;\r\n            font-style: italic;\r\n            color: #0066cc;\r\n            font-weight: 600;\r\n            font-size: 1.3rem;\r\n        }\r\n\r\n        \/* Responsividade *\/\r\n        @media (max-width: 768px) {\r\n            #rt-quemsomos-title {\r\n                font-size: 2rem;\r\n            }\r\n            \r\n            .rt-quemsomos-intro {\r\n                font-size: 1rem;\r\n            }\r\n            \r\n            .rt-quemsomos-content {\r\n                flex-direction: column;\r\n            }\r\n            \r\n            #rt-quemsomos-image {\r\n                order: -1;\r\n                margin-bottom: 30px;\r\n            }\r\n            \r\n            .rt-quemsomos-highlight {\r\n                width: 100%;\r\n            }\r\n        }\r\n    <\/style>\r\n<\/head>\r\n<body>\r\n    <div class=\"rt-quemsomos-container\">\r\n        <header class=\"rt-quemsomos-header\">\r\n            <h1 id=\"rt-quemsomos-title\">Rima Telecom<\/h1>\r\n            <p class=\"rt-quemsomos-intro\">Com mais de 25 anos de experi\u00eancia, a Rima Telecom atua desde 1998 no setor de Telecomunica\u00e7\u00f5es e Infraestrutura de Redes, oferecendo solu\u00e7\u00f5es completas para empresas e condom\u00ednios.<\/p>\r\n        <\/header>\r\n        \r\n        <div class=\"rt-quemsomos-content\">\r\n            <div id=\"rt-quemsomos-image\">\r\n                <!-- Espa\u00e7o para sua imagem - substitua pelo caminho correto -->\r\n                <img decoding=\"async\" src=\"https:\/\/static.vecteezy.com\/ti\/vetor-gratis\/p1\/29873861-cor-icone-para-pesquisas-vetor.jpg\" alt=\"Equipe Rima Telecom\">\r\n            <\/div>\r\n            \r\n            <div class=\"rt-quemsomos-details\">\r\n                <p>Contamos com sede pr\u00f3pria, frota exclusiva e uma equipe de profissionais altamente capacitados e treinados, garantindo agilidade, qualidade, seguran\u00e7a e total garantia na execu\u00e7\u00e3o de cada projeto.<\/p>\r\n                \r\n                <div class=\"rt-quemsomos-features\">\r\n                    <h3>Nossos servi\u00e7os incluem:<\/h3>\r\n                    <ul>\r\n                        <li>Cabeamento estruturado (rede de dados e voz)<\/li>\r\n                        <li>Instala\u00e7\u00e3o e manuten\u00e7\u00e3o de sistemas de CFTV (c\u00e2meras de seguran\u00e7a)<\/li>\r\n                        <li>Interfonia e porteiro eletr\u00f4nico<\/li>\r\n                        <li>Infraestrutura para fibra \u00f3ptica<\/li>\r\n                        <li>Automa\u00e7\u00e3o predial e controle de acesso<\/li>\r\n                        <li>Solu\u00e7\u00f5es el\u00e9tricas e de aterramento para sistemas de TI e seguran\u00e7a<\/li>\r\n                    <\/ul>\r\n                <\/div>\r\n                \r\n                <p>Atendemos com excel\u00eancia empresas de todos os portes, ind\u00fastrias, condom\u00ednios residenciais e comerciais.<\/p>\r\n            <\/div>\r\n        <\/div>\r\n        \r\n        <div class=\"rt-quemsomos-banner\">\r\n            <h3>Rima Telecom \u2013 Excel\u00eancia que Conecta<\/h3>\r\n            <div class=\"rt-quemsomos-highlights\">\r\n                <div class=\"rt-quemsomos-highlight\">\r\n                    <div class=\"rt-quemsomos-highlight-icon\">\ud83d\ude80<\/div>\r\n                    <div class=\"rt-quemsomos-highlight-text\">Mais de 20 anos de experi\u00eancia no mercado!<\/div>\r\n                <\/div>\r\n                <div class=\"rt-quemsomos-highlight\">\r\n                    <div class=\"rt-quemsomos-highlight-icon\">\ud83d\udd27<\/div>\r\n                    <div class=\"rt-quemsomos-highlight-text\">Mais de 1 milh\u00e3o de instala\u00e7\u00f5es realizadas com sucesso!<\/div>\r\n                <\/div>\r\n                <div class=\"rt-quemsomos-highlight\">\r\n                    <div class=\"rt-quemsomos-highlight-icon\">\ud83d\udc77<\/div>\r\n                    <div class=\"rt-quemsomos-highlight-text\">Equipe de t\u00e9cnicos altamente especializados!<\/div>\r\n                <\/div>\r\n            <\/div>\r\n        <\/div>\r\n        \r\n        <div class=\"rt-quemsomos-services\">\r\n            <h3>Assessoria T\u00e9cnica Especializada<\/h3>\r\n            <p>Oferecemos suporte completo desde a fase de projeto at\u00e9 a implanta\u00e7\u00e3o e otimiza\u00e7\u00e3o dos equipamentos. Nossa equipe orienta de forma personalizada a melhor aplica\u00e7\u00e3o de cada tecnologia, garantindo m\u00e1ximo desempenho, seguran\u00e7a e durabilidade dos sistemas instalados.<\/p>\r\n            \r\n            <div class=\"rt-quemsomos-features\">\r\n                <h3>Conte com a Rima Telecom para:<\/h3>\r\n                <ul>\r\n                    <li>An\u00e1lise t\u00e9cnica e planejamento de infraestrutura<\/li>\r\n                    <li>Recomenda\u00e7\u00e3o dos melhores equipamentos para cada ambiente<\/li>\r\n                    <li>Implanta\u00e7\u00e3o eficiente com acompanhamento t\u00e9cnico<\/li>\r\n                    <li>Treinamento e suporte p\u00f3s-instala\u00e7\u00e3o<\/li>\r\n                <\/ul>\r\n            <\/div>\r\n            \r\n            <p>Sua empresa, condom\u00ednio ou ind\u00fastria com a estrutura certa, do jeito certo.<\/p>\r\n        <\/div>\r\n        \r\n        <footer class=\"rt-quemsomos-footer\">\r\n            Rima Telecom \u2013 Conectando com qualidade, seguran\u00e7a e confian\u00e7a.\r\n        <\/footer>\r\n    <\/div>\r\n<\/body>\r\n<\/html>\t\t\t\t<\/div>\n\t\t\t\t<\/div>\n\t\t\t\t\t<\/div>\n\t\t\t\t<\/div>\n\t\t\t\t<\/div>\n\t\t","protected":false},"excerpt":{"rendered":"<p>Quem Somos &#8211; Rima Telecom Rima Telecom Com mais de 25 anos de experi\u00eancia, a Rima Telecom atua desde 1998 no setor de Telecomunica\u00e7\u00f5es e Infraestrutura de Redes, oferecendo solu\u00e7\u00f5es completas para empresas e condom\u00ednios. Contamos com sede pr\u00f3pria, frota exclusiva e uma equipe de profissionais altamente capacitados e treinados, garantindo agilidade, qualidade, seguran\u00e7a e total garantia na execu\u00e7\u00e3o de cada projeto. Nossos servi\u00e7os incluem: Cabeamento estruturado (rede de dados e voz) Instala\u00e7\u00e3o e manuten\u00e7\u00e3o de sistemas de CFTV (c\u00e2meras de seguran\u00e7a) Interfonia e porteiro eletr\u00f4nico Infraestrutura para fibra \u00f3ptica Automa\u00e7\u00e3o predial e controle de acesso Solu\u00e7\u00f5es el\u00e9tricas e de aterramento para sistemas de TI e seguran\u00e7a Atendemos com excel\u00eancia empresas de todos os portes, ind\u00fastrias, condom\u00ednios residenciais e comerciais. Rima Telecom \u2013 Excel\u00eancia que Conecta \ud83d\ude80 Mais de 20 anos de experi\u00eancia no mercado! \ud83d\udd27 Mais de 1 milh\u00e3o de instala\u00e7\u00f5es realizadas com sucesso! \ud83d\udc77 Equipe de t\u00e9cnicos altamente especializados! Assessoria T\u00e9cnica Especializada Oferecemos suporte completo desde a fase de projeto at\u00e9 a implanta\u00e7\u00e3o e otimiza\u00e7\u00e3o dos equipamentos. Nossa equipe orienta de forma personalizada a melhor aplica\u00e7\u00e3o de cada tecnologia, garantindo m\u00e1ximo desempenho, seguran\u00e7a e durabilidade dos sistemas instalados. Conte com a Rima Telecom para: An\u00e1lise t\u00e9cnica e planejamento de infraestrutura Recomenda\u00e7\u00e3o dos melhores equipamentos para cada ambiente Implanta\u00e7\u00e3o eficiente com acompanhamento t\u00e9cnico Treinamento e suporte p\u00f3s-instala\u00e7\u00e3o Sua empresa, condom\u00ednio ou ind\u00fastria com a estrutura certa, do jeito certo. Rima Telecom \u2013 Conectando com qualidade, seguran\u00e7a e confian\u00e7a.<\/p>\n","protected":false},"author":1,"featured_media":0,"parent":0,"menu_order":0,"comment_status":"closed","ping_status":"closed","template":"","meta":{"footnotes":""},"class_list":["post-79","page","type-page","status-publish","hentry"],"_links":{"self":[{"href":"https:\/\/rimatelecom.com.br\/rimatelecom\/index.php?rest_route=\/wp\/v2\/pages\/79","targetHints":{"allow":["GET"]}}],"collection":[{"href":"https:\/\/rimatelecom.com.br\/rimatelecom\/index.php?rest_route=\/wp\/v2\/pages"}],"about":[{"href":"https:\/\/rimatelecom.com.br\/rimatelecom\/index.php?rest_route=\/wp\/v2\/types\/page"}],"author":[{"embeddable":true,"href":"https:\/\/rimatelecom.com.br\/rimatelecom\/index.php?rest_route=\/wp\/v2\/users\/1"}],"replies":[{"embeddable":true,"href":"https:\/\/rimatelecom.com.br\/rimatelecom\/index.php?rest_route=%2Fwp%2Fv2%2Fcomments&post=79"}],"version-history":[{"count":8,"href":"https:\/\/rimatelecom.com.br\/rimatelecom\/index.php?rest_route=\/wp\/v2\/pages\/79\/revisions"}],"predecessor-version":[{"id":464,"href":"https:\/\/rimatelecom.com.br\/rimatelecom\/index.php?rest_route=\/wp\/v2\/pages\/79\/revisions\/464"}],"wp:attachment":[{"href":"https:\/\/rimatelecom.com.br\/rimatelecom\/index.php?rest_route=%2Fwp%2Fv2%2Fmedia&parent=79"}],"curies":[{"name":"wp","href":"https:\/\/api.w.org\/{rel}","templated":true}]}}