{"id":81,"date":"2025-07-17T19:29:57","date_gmt":"2025-07-17T19:29:57","guid":{"rendered":"https:\/\/rimatelecom.com.br\/rimatelecom\/?page_id=81"},"modified":"2025-07-22T21:45:47","modified_gmt":"2025-07-22T21:45:47","slug":"sobre-nos","status":"publish","type":"page","link":"https:\/\/rimatelecom.com.br\/rimatelecom\/?page_id=81","title":{"rendered":"Sobre N\u00f3s"},"content":{"rendered":"\t\t<div data-elementor-type=\"wp-page\" data-elementor-id=\"81\" class=\"elementor elementor-81\" data-elementor-post-type=\"page\">\n\t\t\t\t<div class=\"elementor-element elementor-element-835b9b4 e-flex e-con-boxed wpr-particle-no wpr-jarallax-no wpr-parallax-no wpr-sticky-section-no wpr-equal-height-no e-con e-parent\" data-id=\"835b9b4\" data-element_type=\"container\" data-e-type=\"container\">\n\t\t\t\t\t<div class=\"e-con-inner\">\n\t\t\t\t<div class=\"elementor-element elementor-element-8f78d74 elementor-widget elementor-widget-html\" data-id=\"8f78d74\" data-element_type=\"widget\" data-e-type=\"widget\" data-widget_type=\"html.default\">\n\t\t\t\t<div class=\"elementor-widget-container\">\n\t\t\t\t\t<!DOCTYPE html>\r\n<html lang=\"pt-BR\">\r\n<head>\r\n    <meta charset=\"UTF-8\">\r\n    <meta name=\"viewport\" content=\"width=device-width, initial-scale=1.0\">\r\n    <title>Sobre N\u00f3s - Rima Telecom<\/title>\r\n    <style>\r\n        \/* Estilos isolados com prefixo rt- *\/\r\n        .rt-about-container {\r\n            max-width: 1200px;\r\n            margin: 0 auto;\r\n            padding: 40px 20px;\r\n            background-color: #fff;\r\n        }\r\n\r\n        .rt-about-header {\r\n            text-align: center;\r\n            margin-bottom: 40px;\r\n        }\r\n\r\n        #rt-about-title {\r\n            color: #003366;\r\n            font-size: 2.5rem;\r\n            margin-bottom: 15px;\r\n            font-weight: 700;\r\n        }\r\n\r\n        .rt-about-subtitle {\r\n            color: #0066cc;\r\n            font-size: 1.2rem;\r\n            font-weight: 300;\r\n        }\r\n\r\n        .rt-about-content {\r\n            display: flex;\r\n            flex-wrap: wrap;\r\n            gap: 40px;\r\n            align-items: center;\r\n        }\r\n\r\n        #rt-about-image {\r\n            flex: 1;\r\n            min-width: 300px;\r\n            border-radius: 8px;\r\n            overflow: hidden;\r\n            box-shadow: 0 4px 12px rgba(0,0,0,0.1);\r\n        }\r\n\r\n        #rt-about-image img {\r\n            width: 100%;\r\n            height: auto;\r\n            display: block;\r\n        }\r\n\r\n        .rt-about-text {\r\n            flex: 1;\r\n            min-width: 300px;\r\n        }\r\n\r\n        .rt-about-text p {\r\n            margin-bottom: 20px;\r\n            font-size: 1.1rem;\r\n            line-height: 1.8;\r\n            color: #444;\r\n        }\r\n\r\n        .rt-about-values {\r\n            margin-top: 30px;\r\n            padding: 20px;\r\n            background-color: #f5f9ff;\r\n            border-radius: 8px;\r\n        }\r\n\r\n        .rt-about-values h3 {\r\n            color: #003366;\r\n            margin-bottom: 15px;\r\n        }\r\n\r\n        .rt-about-values ul {\r\n            list-style-type: none;\r\n        }\r\n\r\n        .rt-about-values li {\r\n            margin-bottom: 10px;\r\n            padding-left: 25px;\r\n            position: relative;\r\n        }\r\n\r\n        .rt-about-values li:before {\r\n            content: \"\u2022\";\r\n            color: #0066cc;\r\n            font-size: 1.5rem;\r\n            position: absolute;\r\n            left: 0;\r\n            top: -5px;\r\n        }\r\n\r\n        .rt-about-footer {\r\n            text-align: center;\r\n            margin-top: 40px;\r\n            font-style: italic;\r\n            color: #0066cc;\r\n            font-weight: 600;\r\n            font-size: 1.3rem;\r\n        }\r\n\r\n        \/* Responsividade *\/\r\n        @media (max-width: 768px) {\r\n            #rt-about-title {\r\n                font-size: 2rem;\r\n            }\r\n            \r\n            .rt-about-subtitle {\r\n                font-size: 1rem;\r\n            }\r\n            \r\n            .rt-about-content {\r\n                flex-direction: column;\r\n            }\r\n            \r\n            #rt-about-image {\r\n                order: -1;\r\n                margin-bottom: 30px;\r\n            }\r\n        }\r\n    <\/style>\r\n<\/head>\r\n<body>\r\n    <div class=\"rt-about-container\">\r\n        <header class=\"rt-about-header\">\r\n            <h1 id=\"rt-about-title\">RIMA TELECOM<\/h1>\r\n            <p class=\"rt-about-subtitle\">Conectando o Brasil com confian\u00e7a h\u00e1 mais de duas d\u00e9cadas<\/p>\r\n        <\/header>\r\n        \r\n        <div class=\"rt-about-content\">\r\n            <div id=\"rt-about-image\">\r\n                <!-- Espa\u00e7o para sua imagem - substitua pelo caminho correto -->\r\n                <img decoding=\"async\" src=\"https:\/\/img.freepik.com\/vetores-premium\/retrato-de-equipe-de-colegas-de-negocios-feliz_179970-1271.jpg\" alt=\"Equipe Rima Telecom\">\r\n            <\/div>\r\n            \r\n            <div class=\"rt-about-text\">\r\n                <p>Na Rima Telecom, compartilhamos uma vis\u00e3o clara: construir conex\u00f5es s\u00f3lidas, seguras e duradouras em todo o Brasil. Atuamos com orgulho em projetos de infraestrutura de telecomunica\u00e7\u00f5es que aproximam pessoas, empresas e comunidades, tanto no ambiente urbano quanto em regi\u00f5es mais afastadas.<\/p>\r\n                \r\n                <p>Nossa for\u00e7a de trabalho especializada \u00e9 o cora\u00e7\u00e3o da nossa opera\u00e7\u00e3o. S\u00e3o t\u00e9cnicos, engenheiros e gestores comprometidos em entregar solu\u00e7\u00f5es completas, com excel\u00eancia, agilidade e foco no cliente.<\/p>\r\n                \r\n                <p>Acreditamos que nossa responsabilidade vai al\u00e9m da instala\u00e7\u00e3o: levamos conectividade, seguran\u00e7a e desenvolvimento para os locais onde atuamos.<\/p>\r\n                \r\n                <div class=\"rt-about-values\">\r\n                    <h3>Nossos Valores<\/h3>\r\n                    <ul>\r\n                        <li>Respeito<\/li>\r\n                        <li>Qualidade<\/li>\r\n                        <li>Compromisso<\/li>\r\n                        <li>Integridade<\/li>\r\n                    <\/ul>\r\n                <\/div>\r\n            <\/div>\r\n        <\/div>\r\n        \r\n        <footer class=\"rt-about-footer\">\r\n            Rima Telecom \u2013 Ligando pessoas. Conectando o futuro.\r\n        <\/footer>\r\n    <\/div>\r\n<\/body>\r\n<\/html>\t\t\t\t<\/div>\n\t\t\t\t<\/div>\n\t\t\t\t\t<\/div>\n\t\t\t\t<\/div>\n\t\t\t\t<\/div>\n\t\t","protected":false},"excerpt":{"rendered":"<p>Sobre N\u00f3s &#8211; Rima Telecom RIMA TELECOM Conectando o Brasil com confian\u00e7a h\u00e1 mais de duas d\u00e9cadas Na Rima Telecom, compartilhamos uma vis\u00e3o clara: construir conex\u00f5es s\u00f3lidas, seguras e duradouras em todo o Brasil. Atuamos com orgulho em projetos de infraestrutura de telecomunica\u00e7\u00f5es que aproximam pessoas, empresas e comunidades, tanto no ambiente urbano quanto em regi\u00f5es mais afastadas. Nossa for\u00e7a de trabalho especializada \u00e9 o cora\u00e7\u00e3o da nossa opera\u00e7\u00e3o. S\u00e3o t\u00e9cnicos, engenheiros e gestores comprometidos em entregar solu\u00e7\u00f5es completas, com excel\u00eancia, agilidade e foco no cliente. Acreditamos que nossa responsabilidade vai al\u00e9m da instala\u00e7\u00e3o: levamos conectividade, seguran\u00e7a e desenvolvimento para os locais onde atuamos. Nossos Valores Respeito Qualidade Compromisso Integridade Rima Telecom \u2013 Ligando pessoas. Conectando o futuro.<\/p>\n","protected":false},"author":1,"featured_media":0,"parent":0,"menu_order":0,"comment_status":"closed","ping_status":"closed","template":"","meta":{"footnotes":""},"class_list":["post-81","page","type-page","status-publish","hentry"],"_links":{"self":[{"href":"https:\/\/rimatelecom.com.br\/rimatelecom\/index.php?rest_route=\/wp\/v2\/pages\/81","targetHints":{"allow":["GET"]}}],"collection":[{"href":"https:\/\/rimatelecom.com.br\/rimatelecom\/index.php?rest_route=\/wp\/v2\/pages"}],"about":[{"href":"https:\/\/rimatelecom.com.br\/rimatelecom\/index.php?rest_route=\/wp\/v2\/types\/page"}],"author":[{"embeddable":true,"href":"https:\/\/rimatelecom.com.br\/rimatelecom\/index.php?rest_route=\/wp\/v2\/users\/1"}],"replies":[{"embeddable":true,"href":"https:\/\/rimatelecom.com.br\/rimatelecom\/index.php?rest_route=%2Fwp%2Fv2%2Fcomments&post=81"}],"version-history":[{"count":4,"href":"https:\/\/rimatelecom.com.br\/rimatelecom\/index.php?rest_route=\/wp\/v2\/pages\/81\/revisions"}],"predecessor-version":[{"id":379,"href":"https:\/\/rimatelecom.com.br\/rimatelecom\/index.php?rest_route=\/wp\/v2\/pages\/81\/revisions\/379"}],"wp:attachment":[{"href":"https:\/\/rimatelecom.com.br\/rimatelecom\/index.php?rest_route=%2Fwp%2Fv2%2Fmedia&parent=81"}],"curies":[{"name":"wp","href":"https:\/\/api.w.org\/{rel}","templated":true}]}}